{"id":858,"date":"2024-10-18T15:49:31","date_gmt":"2024-10-18T13:49:31","guid":{"rendered":"https:\/\/dev.pamudesign.ch\/?page_id=858"},"modified":"2024-10-29T11:15:23","modified_gmt":"2024-10-29T10:15:23","slug":"impressum","status":"publish","type":"page","link":"https:\/\/pamudesign.ch\/ch\/impressum\/","title":{"rendered":"Impressum"},"content":{"rendered":"<section class=\"bde-section-858-100 bde-section\">\n  \n\t\n\n\n\n<div class=\"section-container\"><h1 class=\"bde-heading-858-106 bde-heading\">\nImpressum\n<\/h1><div class=\"bde-columns-858-102 bde-columns\"><div class=\"bde-column-858-103 bde-column\">\n  \n\t\n\n\n\n<div class=\"bde-rich-text-858-105 bde-rich-text breakdance-rich-text-styles\">\n<p><strong>Kontakt<br \/><\/strong>PAMU \/ Patrick M\u00fcller<br \/>Raumreaktion GmbH<br \/>Albisriederstrasse 253<br \/>8047 Z\u00fcrich<br \/><br \/>+41 79 581 73 41<br \/>pamu@pamudesign.ch<\/p><p>UID: CHE-413.656.376<\/p><p>\u00a0<\/p><p><strong>Website<\/strong><br \/><a href=\"https:\/\/www.symforma.design\/\" target=\"_blank\" rel=\"noopener\">symforma.design<\/a><\/p>\n<\/div>\n<\/div><div class=\"bde-column-858-104 bde-column\">\n  \n\t\n\n\n\n<div class=\"bde-rich-text-858-101 bde-rich-text breakdance-rich-text-styles\">\n<p><strong>Haftungsausschluss<br \/><\/strong>Wir \u00fcbernehmen keinerlei Gew\u00e4hr f\u00fcr die inhaltliche Richtigkeit, Genauigkeit, Aktualit\u00e4t, Zuverl\u00e4ssigkeit und Vollst\u00e4ndigkeit der bereitgestellten Informationen. Haftungsanspr\u00fcche gegen uns, die aus Sch\u00e4den materieller oder immaterieller Art resultieren, welche durch den Zugriff auf, die Nutzung oder Nichtnutzung der ver\u00f6ffentlichten Informationen, den Missbrauch der Verbindung oder technische St\u00f6rungen verursacht wurden, sind ausgeschlossen. Alle Angebote sind unverbindlich. Wir behalten uns ausdr\u00fccklich vor, Teile der Seiten oder das gesamte Angebot ohne gesonderte Ank\u00fcndigung zu ver\u00e4ndern, zu erg\u00e4nzen, zu l\u00f6schen oder die Ver\u00f6ffentlichung zeitweise oder endg\u00fcltig einzustellen.<\/p><p><strong>Haftungsausschluss f\u00fcr Links<br \/><\/strong>Verweise und Links auf Webseiten Dritter liegen ausserhalb unseres Verantwortungsbereichs. Wir lehnen jede Verantwortung f\u00fcr solche Webseiten ab. Der Zugriff auf und die Nutzung solcher Webseiten erfolgen auf eigenes Risiko des jeweiligen Nutzers.<\/p><p><strong>Urheberrechte<br \/><\/strong>Die Urheber- und alle anderen Rechte an Inhalten, Bildern, Fotos oder anderen Dateien auf dieser Website geh\u00f6ren ausschliesslich uns oder den speziell genannten Rechteinhabern. F\u00fcr die Reproduktion jeglicher Elemente ist im Voraus die schriftliche Zustimmung des Urheberrechtstr\u00e4gers einzuholen.<\/p><p><strong>Datenschutz<br \/><\/strong>Daten zu Ihrer Person verarbeiten und speichern wir nur, wenn Sie uns diese direkt \u00fcbermitteln, z. B. per E-Mail. Wir verarbeiten Ihre Daten im Zusammenhang mit der Kommunikation mit Ihnen, einschliesslich der Beantwortung von Anfragen, der Geltendmachung Ihrer Rechte und der Kontaktaufnahme bei R\u00fcckfragen. Wenn Sie uns Ihre pers\u00f6nlichen Daten senden, geschieht dies auf eigenes Risiko. Wir treffen diverse organisatorische und technische Sicherheitsvorkehrungen gem\u00e4ss aktuellen Sicherheitsstandards, um den Schutz Ihrer Daten innerhalb unseres Systems zu gew\u00e4hrleisten. Eine Haftung f\u00fcr Sch\u00e4den, die durch Datenverlust oder -manipulation entstehen, ist grunds\u00e4tzlich ausgeschlossen. Wir speichern Ihre Daten nur so lange, wie es f\u00fcr die von uns genannten Zwecke notwendig ist oder wie es gesetzlich oder vertraglich vorgeschrieben ist.<\/p>\n<\/div><div class=\"bde-shortcode-858-107 bde-shortcode\">\n\n<\/div>\n<\/div><\/div><\/div>\n<\/section>","protected":false},"excerpt":{"rendered":"<p>Impressum KontaktPAMU \/ Patrick M\u00fcllerRaumreaktion GmbHAlbisriederstrasse 2538047 Z\u00fcrich+41 79 581 73 41pamu@pamudesign.chUID: CHE-413.656.376\u00a0Websitesymforma.design HaftungsausschlussWir \u00fcbernehmen keinerlei Gew\u00e4hr f\u00fcr die inhaltliche Richtigkeit, Genauigkeit, Aktualit\u00e4t, Zuverl\u00e4ssigkeit und Vollst\u00e4ndigkeit der bereitgestellten Informationen. Haftungsanspr\u00fcche gegen uns, die aus Sch\u00e4den materieller oder immaterieller Art resultieren, welche durch den Zugriff auf, die Nutzung oder Nichtnutzung der ver\u00f6ffentlichten Informationen, den Missbrauch der [&hellip;]<\/p>\n","protected":false},"author":1,"featured_media":0,"parent":0,"menu_order":0,"comment_status":"closed","ping_status":"closed","template":"","meta":{"_acf_changed":false,"slim_seo":{"noindex":"1","title":"Impressum - PAMU","description":""},"_breakdance_hide_in_design_set":false,"_breakdance_tags":"","footnotes":""},"class_list":["post-858","page","type-page","status-publish","hentry"],"acf":[],"_links":{"self":[{"href":"https:\/\/pamudesign.ch\/ch\/wp-json\/wp\/v2\/pages\/858","targetHints":{"allow":["GET"]}}],"collection":[{"href":"https:\/\/pamudesign.ch\/ch\/wp-json\/wp\/v2\/pages"}],"about":[{"href":"https:\/\/pamudesign.ch\/ch\/wp-json\/wp\/v2\/types\/page"}],"author":[{"embeddable":true,"href":"https:\/\/pamudesign.ch\/ch\/wp-json\/wp\/v2\/users\/1"}],"replies":[{"embeddable":true,"href":"https:\/\/pamudesign.ch\/ch\/wp-json\/wp\/v2\/comments?post=858"}],"version-history":[{"count":6,"href":"https:\/\/pamudesign.ch\/ch\/wp-json\/wp\/v2\/pages\/858\/revisions"}],"predecessor-version":[{"id":1447,"href":"https:\/\/pamudesign.ch\/ch\/wp-json\/wp\/v2\/pages\/858\/revisions\/1447"}],"wp:attachment":[{"href":"https:\/\/pamudesign.ch\/ch\/wp-json\/wp\/v2\/media?parent=858"}],"curies":[{"name":"wp","href":"https:\/\/api.w.org\/{rel}","templated":true}]}}