{"id":19,"date":"2024-10-14T11:55:37","date_gmt":"2024-10-14T09:55:37","guid":{"rendered":"https:\/\/dev.pamudesign.ch\/?page_id=19"},"modified":"2025-11-07T00:40:30","modified_gmt":"2025-11-06T23:40:30","slug":"studio","status":"publish","type":"page","link":"https:\/\/pamudesign.ch\/ch\/studio\/","title":{"rendered":"Studio"},"content":{"rendered":"<section class=\"bde-section-19-100 bde-section\">\n  \n\t\n\n\n\n<div class=\"section-container\"><div class=\"bde-columns-19-115 bde-columns\"><div class=\"bde-column-19-116 bde-column\">\n  \n\t\n\n\n\n<img decoding=\"async\" class=\"bde-image2-19-129 bde-image2\" src=\"https:\/\/pamudesign.ch\/wp-content\/uploads\/2024\/10\/PAMU-Patrick-Mueller-768x512.webp\" alt=\"Portrait Patrick M\u00fcller (Pamu)\" srcset=\"https:\/\/pamudesign.ch\/wp-content\/uploads\/2024\/10\/PAMU-Patrick-Mueller-768x512.webp 768w, https:\/\/pamudesign.ch\/wp-content\/uploads\/2024\/10\/PAMU-Patrick-Mueller-300x200.webp 300w\" sizes=\"(max-width: 768px) 100vw, 768px\"><\/img>\n<\/div><div class=\"bde-column-19-118 bde-column\">\n  \n\t\n\n\n\n<div class=\"bde-div-19-119 bde-div\">\n  \n\t\n\n\n\n<h1 class=\"bde-heading-19-120 bde-heading heading-margin\">\nPAMU steht f\u00fcr de Patrick M\u00fcller\n<\/h1><div class=\"bde-rich-text-19-128 bde-rich-text breakdance-rich-text-styles\">\n<p style=\"font-weight: 400;\">Hinter PAMU steht der Schreiner und Industriedesigner Patrick M\u00fcller. Seit 2016 gestaltet und entwickelt er Produkte, Ausstellungen und projektspezifische L\u00f6sungen f\u00fcr eine Vielzahl von Unternehmen und Institutionen. Zu Beginn seiner Selbstst\u00e4ndigkeit kombinierte er seine unternehmerischen Ambitionen mit einer Teilzeitanstellung an der Hochschule f\u00fcr Gestaltung und Kunst in Basel (FHNW) und war f\u00fcr diverse Ausstellungsauftritte der Schule im In- und Ausland zust\u00e4ndig. In dieser Zeit hat er designforone.world mitbegr\u00fcndet, ein Designteam, welches zusammen mit Hilfsorganisationen, Betroffenen und engagierten Unternehmen Hilfsmittel f\u00fcr humanit\u00e4re Notsituationen entwickelt. 2018 hat er Raumreaktion GmbH mitbegr\u00fcndet. Ein interdisziplin\u00e4res Innenarchitekturb\u00fcro aus den Bereichen Psychologie, Produktdesign und Innenarchitektur. 2024 wurde PAMU als Einzelfirma in die Raumreaktion GmbH integriert. \u00dcber all diese Jahre haben sich durch die unterschiedlichen Kollaborationen und Projekten wertvolle Synergien und ein breites Netzwerk entwickelt.<\/p><blockquote><p style=\"font-weight: 400;\">\u00ab Indem ich mit Menschen aus unterschiedlichen Disziplinen zusammenarbeite, entstehen ganzheitliche L\u00f6sungen. Dabei ist es immer mein Ziel die optimale Balance zwischen Nutzen, Funktion, Gestaltung und Nachhaltigkeit zu erreichen. \u00bb<\/p><\/blockquote>\n<\/div>\n<\/div>\n<\/div><\/div><\/div>\n<\/section><section class=\"bde-section-19-114 bde-section\">\n  \n\t\n\n\n\n<div class=\"section-container\"><div class=\"bde-columns-19-101 bde-columns\"><div class=\"bde-column-19-102 bde-column\">\n  \n\t\n\n\n\n<div class=\"bde-div-19-107 bde-div\">\n  \n\t\n\n\n\n<h2 class=\"bde-heading-19-105 bde-heading heading-margin\">\nProduktgstaltig\n<\/h2><div class=\"bde-text-19-106 bde-text\">\nIhr Unternehmen oder Ihre Institution sucht nach innovativen, nachhaltigen Designl\u00f6sungen, hat jedoch nicht die erforderliche Designkompetenz im Haus?  Wir sind hier, um Sie umfassend zu unterst\u00fctzen \u2013 von der pr\u00e4zisen Bedarfsanalyse und Evaluation \u00fcber kreative Entw\u00fcrfe bis hin zur Produktentwicklung und erfolgreichen Implementierung. Egal, ob Sie ein massgeschneidertes Teilpaket oder eine ganzheitliche L\u00f6sung w\u00fcnschen, wir bieten ihnen die Expertise und das Engagement, um ihre Visionen in die Realit\u00e4t umzusetzen.\n<\/div><a class=\"bde-text-link-19-171 bde-text-link link-intern-frontpfeil breakdance-link\" href=\"\/ch\/category\/produktdesign\/\" target=\"_self\" data-type=\"url\">\n  Referenzen\n\n<\/a>\n<\/div>\n<\/div><div class=\"bde-column-19-103 bde-column\">\n  \n\t\n\n\n\n<div class=\"bde-div-19-108 bde-div\">\n  \n\t\n\n\n\n<h2 class=\"bde-heading-19-109 bde-heading heading-margin\">\nCustomized Design\n<\/h2><div class=\"bde-text-19-110 bde-text\">\nSie suchen nach einer massgeschneiderten L\u00f6sung f\u00fcr Ihr Projekt? Mit unserer langj\u00e4hrigen Erfahrung sind wir bestens ger\u00fcstet, um gemeinsam mit unserem umfangreichen Netzwerk von Expert*innen aus den unterschiedlichsten Herstellungsbereichen einzigartige und kundenspezifische Produkte zu kreieren. Wir begleiten Sie durch den gesamten Prozess: Von der pr\u00e4zisen Bed\u00fcrfnisanalyse \u00fcber kreative Entw\u00fcrfe bis hin zur Lieferung und Abnahme vor Ort. Lassen Sie uns gemeinsam Ihre Ideen in beeindruckende L\u00f6sungen verwandeln.\n<\/div><a class=\"bde-text-link-19-172 bde-text-link link-intern-frontpfeil breakdance-link\" href=\"\/ch\/category\/customized\/\" target=\"_self\" data-type=\"url\">\n  Referenzen\n\n<\/a>\n<\/div>\n<\/div><div class=\"bde-column-19-155 bde-column\">\n  \n\t\n\n\n\n<div class=\"bde-div-19-159 bde-div\">\n  \n\t\n\n\n\n<h2 class=\"bde-heading-19-160 bde-heading heading-margin\">\nSzenografie\n<\/h2><div class=\"bde-text-19-161 bde-text\">\nIhr Unternehmen plant einen Messeauftritt, ben\u00f6tigt jedoch Unterst\u00fctzung von der ersten Idee bis zur finalen Umsetzung? Oder plant ihre Institution eine fesselnde Themenausstellung und ben\u00f6tigt dabei professionelle szenografische Unterst\u00fctzung?  Wir stehen ihnen zur Seite und bringen unser umfangreiches Netzwerk mit, um sie in jeder Phase des Prozesses zu begleiten. Gemeinsam verwandeln wir ihre Visionen in Realit\u00e4t und schaffen unvergessliche Erlebnisse, die ihre Marke oder ihre Botschaft wirkungsvoll zur Geltung bringen. \n<\/div><a class=\"bde-text-link-19-173 bde-text-link link-intern-frontpfeil breakdance-link\" href=\"\/ch\/category\/szenografie\/\" target=\"_self\" data-type=\"url\">\n  Referenzen\n\n<\/a>\n<\/div>\n<\/div><\/div><\/div>\n<\/section><section class=\"bde-section-19-130 bde-section\">\n  \n\t\n\n\n\n<div class=\"section-container\"><div class=\"bde-columns-19-131 bde-columns\"><div class=\"bde-column-19-132 bde-column\">\n  \n\t\n\n\n\n<div class=\"bde-div-19-135 bde-div\">\n  \n\t\n\n\n\n<h2 class=\"bde-heading-19-136 bde-heading heading-margin\">\nKunden\n<\/h2><div class=\"bde-code-block-19-183 bde-code-block\">\n\n  <style>\n                ul.custom-list {\n                    list-style: none;\n                    padding-left: 0;\n                    margin-block-start: 0em;\n                    margin-block-end: 0em;\n                }\n                ul.custom-list li {\n                    display: flex;\n                    align-items: flex-start; \/* Pfeil oben ausrichten *\/\n                }\n                ul.custom-list li svg {\n                    margin-right: 7px;\n                    margin-top: 6px;\n                    min-width: 14px; \/* Feste Breite *\/\n                    min-height: 14px; \/* Feste H\u00f6he *\/\n                    width: 14px; \/* Feste Breite *\/\n                    height: 14px; \/* Feste H\u00f6he *\/\n                    flex-shrink: 0; \/* Verhindert, dass das SVG kleiner wird *\/\n                    transform: rotate(-45deg); \/* 45 Grad gegen den Uhrzeigersinn *\/\n                }\n              <\/style><ul class=\"custom-list\"><li><svg xmlns=\"http:\/\/www.w3.org\/2000\/svg\" viewbox=\"0 0 13.07 11.07\" style=\"fill: #DD3333;\">\n                <rect x=\"0\" y=\"4.79\" width=\"12.01\" height=\"1.5\"\/>\n                <polygon points=\"7.54 11.07 6.48 10 10.95 5.54 6.47 1.06 7.53 0 13.07 5.54 7.54 11.07\"\/>\n            <\/svg><a href=\"https:\/\/aoao.ch\" target=\"_blank\">A+O Grafikb\u00fcro<\/a><\/li><li><svg xmlns=\"http:\/\/www.w3.org\/2000\/svg\" viewbox=\"0 0 13.07 11.07\" style=\"fill: #DD3333;\">\n                <rect x=\"0\" y=\"4.79\" width=\"12.01\" height=\"1.5\"\/>\n                <polygon points=\"7.54 11.07 6.48 10 10.95 5.54 6.47 1.06 7.53 0 13.07 5.54 7.54 11.07\"\/>\n            <\/svg><a href=\"https:\/\/asw-wutoeschingen.de\" target=\"_blank\">Alemannenschule Wut\u00f6schingen<\/a><\/li><li><svg xmlns=\"http:\/\/www.w3.org\/2000\/svg\" viewbox=\"0 0 13.07 11.07\" style=\"fill: #DD3333;\">\n                <rect x=\"0\" y=\"4.79\" width=\"12.01\" height=\"1.5\"\/>\n                <polygon points=\"7.54 11.07 6.48 10 10.95 5.54 6.47 1.06 7.53 0 13.07 5.54 7.54 11.07\"\/>\n            <\/svg><a href=\"https:\/\/www.bigkaiser.eu\/de\/\" target=\"_blank\">Big Kaiser<\/a><\/li><li><svg xmlns=\"http:\/\/www.w3.org\/2000\/svg\" viewbox=\"0 0 13.07 11.07\" style=\"fill: #DD3333;\">\n                <rect x=\"0\" y=\"4.79\" width=\"12.01\" height=\"1.5\"\/>\n                <polygon points=\"7.54 11.07 6.48 10 10.95 5.54 6.47 1.06 7.53 0 13.07 5.54 7.54 11.07\"\/>\n            <\/svg><a href=\"https:\/\/www.danielhunziker.com\" target=\"_blank\">Daniel Hunziker Design<\/a><\/li><li><svg xmlns=\"http:\/\/www.w3.org\/2000\/svg\" viewbox=\"0 0 13.07 11.07\" style=\"fill: #DD3333;\">\n                <rect x=\"0\" y=\"4.79\" width=\"12.01\" height=\"1.5\"\/>\n                <polygon points=\"7.54 11.07 6.48 10 10.95 5.54 6.47 1.06 7.53 0 13.07 5.54 7.54 11.07\"\/>\n            <\/svg><a href=\"https:\/\/www.mobiliar.ch\" target=\"_blank\">Die Mobiliar<\/a><\/li><li><svg xmlns=\"http:\/\/www.w3.org\/2000\/svg\" viewbox=\"0 0 13.07 11.07\" style=\"fill: #DD3333;\">\n                <rect x=\"0\" y=\"4.79\" width=\"12.01\" height=\"1.5\"\/>\n                <polygon points=\"7.54 11.07 6.48 10 10.95 5.54 6.47 1.06 7.53 0 13.07 5.54 7.54 11.07\"\/>\n            <\/svg><a href=\"https:\/\/www.fhnw.ch\" target=\"_blank\">Fachhochschule Nordwestschweiz<\/a><\/li><li><svg xmlns=\"http:\/\/www.w3.org\/2000\/svg\" viewbox=\"0 0 13.07 11.07\" style=\"fill: #DD3333;\">\n                <rect x=\"0\" y=\"4.79\" width=\"12.01\" height=\"1.5\"\/>\n                <polygon points=\"7.54 11.07 6.48 10 10.95 5.54 6.47 1.06 7.53 0 13.07 5.54 7.54 11.07\"\/>\n            <\/svg><a href=\"https:\/\/www.forumschlossplatz.ch\" target=\"_blank\">Forum Schlossplatz<\/a><\/li><li><svg xmlns=\"http:\/\/www.w3.org\/2000\/svg\" viewbox=\"0 0 13.07 11.07\" style=\"fill: #DD3333;\">\n                <rect x=\"0\" y=\"4.79\" width=\"12.01\" height=\"1.5\"\/>\n                <polygon points=\"7.54 11.07 6.48 10 10.95 5.54 6.47 1.06 7.53 0 13.07 5.54 7.54 11.07\"\/>\n            <\/svg><a href=\"https:\/\/www.gruberianeselli.ch\" target=\"_blank\">Gruber &amp; Ianeselli<\/a><\/li><li><svg xmlns=\"http:\/\/www.w3.org\/2000\/svg\" viewbox=\"0 0 13.07 11.07\" style=\"fill: #DD3333;\">\n                <rect x=\"0\" y=\"4.79\" width=\"12.01\" height=\"1.5\"\/>\n                <polygon points=\"7.54 11.07 6.48 10 10.95 5.54 6.47 1.06 7.53 0 13.07 5.54 7.54 11.07\"\/>\n            <\/svg><a href=\"https:\/\/www.jvm.ch\" target=\"_blank\">Jung von Matt<\/a><\/li><li><svg xmlns=\"http:\/\/www.w3.org\/2000\/svg\" viewbox=\"0 0 13.07 11.07\" style=\"fill: #DD3333;\">\n                <rect x=\"0\" y=\"4.79\" width=\"12.01\" height=\"1.5\"\/>\n                <polygon points=\"7.54 11.07 6.48 10 10.95 5.54 6.47 1.06 7.53 0 13.07 5.54 7.54 11.07\"\/>\n            <\/svg><a href=\"https:\/\/kanti-trogen.ch\" target=\"_blank\">Kantonsschule Trogen<\/a><\/li><li><svg xmlns=\"http:\/\/www.w3.org\/2000\/svg\" viewbox=\"0 0 13.07 11.07\" style=\"fill: #DD3333;\">\n                <rect x=\"0\" y=\"4.79\" width=\"12.01\" height=\"1.5\"\/>\n                <polygon points=\"7.54 11.07 6.48 10 10.95 5.54 6.47 1.06 7.53 0 13.07 5.54 7.54 11.07\"\/>\n            <\/svg><a href=\"https:\/\/weiterbildung.kbz-zug.ch\" target=\"_blank\">Kaufm\u00e4nnisches Bildungszentrum Zug<\/a><\/li><li><svg xmlns=\"http:\/\/www.w3.org\/2000\/svg\" viewbox=\"0 0 13.07 11.07\" style=\"fill: #DD3333;\">\n                <rect x=\"0\" y=\"4.79\" width=\"12.01\" height=\"1.5\"\/>\n                <polygon points=\"7.54 11.07 6.48 10 10.95 5.54 6.47 1.06 7.53 0 13.07 5.54 7.54 11.07\"\/>\n            <\/svg><a href=\"https:\/\/makk.ch\" target=\"_blank\">MAKK<\/a><\/li><li><svg xmlns=\"http:\/\/www.w3.org\/2000\/svg\" viewbox=\"0 0 13.07 11.07\" style=\"fill: #DD3333;\">\n                <rect x=\"0\" y=\"4.79\" width=\"12.01\" height=\"1.5\"\/>\n                <polygon points=\"7.54 11.07 6.48 10 10.95 5.54 6.47 1.06 7.53 0 13.07 5.54 7.54 11.07\"\/>\n            <\/svg><a href=\"https:\/\/prose.one\/de\/\" target=\"_blank\">Prose<\/a><\/li><li><svg xmlns=\"http:\/\/www.w3.org\/2000\/svg\" viewbox=\"0 0 13.07 11.07\" style=\"fill: #DD3333;\">\n                <rect x=\"0\" y=\"4.79\" width=\"12.01\" height=\"1.5\"\/>\n                <polygon points=\"7.54 11.07 6.48 10 10.95 5.54 6.47 1.06 7.53 0 13.07 5.54 7.54 11.07\"\/>\n            <\/svg><a href=\"https:\/\/rdl.ch\/de\/\" target=\"_blank\">RDL<\/a><\/li><li><svg xmlns=\"http:\/\/www.w3.org\/2000\/svg\" viewbox=\"0 0 13.07 11.07\" style=\"fill: #DD3333;\">\n                <rect x=\"0\" y=\"4.79\" width=\"12.01\" height=\"1.5\"\/>\n                <polygon points=\"7.54 11.07 6.48 10 10.95 5.54 6.47 1.06 7.53 0 13.07 5.54 7.54 11.07\"\/>\n            <\/svg><a href=\"https:\/\/tbz.ch\" target=\"_blank\">Technische Berufsschule Z\u00fcrich<\/a><\/li><li><svg xmlns=\"http:\/\/www.w3.org\/2000\/svg\" viewbox=\"0 0 13.07 11.07\" style=\"fill: #DD3333;\">\n                <rect x=\"0\" y=\"4.79\" width=\"12.01\" height=\"1.5\"\/>\n                <polygon points=\"7.54 11.07 6.48 10 10.95 5.54 6.47 1.06 7.53 0 13.07 5.54 7.54 11.07\"\/>\n            <\/svg><a href=\"https:\/\/www.tdh.org\/de\" target=\"_blank\">Terre des hommes<\/a><\/li><li><svg xmlns=\"http:\/\/www.w3.org\/2000\/svg\" viewbox=\"0 0 13.07 11.07\" style=\"fill: #DD3333;\">\n                <rect x=\"0\" y=\"4.79\" width=\"12.01\" height=\"1.5\"\/>\n                <polygon points=\"7.54 11.07 6.48 10 10.95 5.54 6.47 1.06 7.53 0 13.07 5.54 7.54 11.07\"\/>\n            <\/svg><a href=\"https:\/\/pamudesign.ch\/ch\/404\" target=\"_blank\">Theatertage Aarau<\/a><\/li><li><svg xmlns=\"http:\/\/www.w3.org\/2000\/svg\" viewbox=\"0 0 13.07 11.07\" style=\"fill: #DD3333;\">\n                <rect x=\"0\" y=\"4.79\" width=\"12.01\" height=\"1.5\"\/>\n                <polygon points=\"7.54 11.07 6.48 10 10.95 5.54 6.47 1.06 7.53 0 13.07 5.54 7.54 11.07\"\/>\n            <\/svg><a href=\"https:\/\/www.turicum-distillery.com\" target=\"_blank\">Turicum<\/a><\/li><li><svg xmlns=\"http:\/\/www.w3.org\/2000\/svg\" viewbox=\"0 0 13.07 11.07\" style=\"fill: #DD3333;\">\n                <rect x=\"0\" y=\"4.79\" width=\"12.01\" height=\"1.5\"\/>\n                <polygon points=\"7.54 11.07 6.48 10 10.95 5.54 6.47 1.06 7.53 0 13.07 5.54 7.54 11.07\"\/>\n            <\/svg><a href=\"https:\/\/www.unibas.ch\/de.html\" target=\"_blank\">Universit\u00e4t Basel<\/a><\/li><li><svg xmlns=\"http:\/\/www.w3.org\/2000\/svg\" viewbox=\"0 0 13.07 11.07\" style=\"fill: #DD3333;\">\n                <rect x=\"0\" y=\"4.79\" width=\"12.01\" height=\"1.5\"\/>\n                <polygon points=\"7.54 11.07 6.48 10 10.95 5.54 6.47 1.06 7.53 0 13.07 5.54 7.54 11.07\"\/>\n            <\/svg><a href=\"https:\/\/www.usm.com\/de-de\/office\/homepage\/\" target=\"_blank\">USM<\/a><\/li><li><svg xmlns=\"http:\/\/www.w3.org\/2000\/svg\" viewbox=\"0 0 13.07 11.07\" style=\"fill: #DD3333;\">\n                <rect x=\"0\" y=\"4.79\" width=\"12.01\" height=\"1.5\"\/>\n                <polygon points=\"7.54 11.07 6.48 10 10.95 5.54 6.47 1.06 7.53 0 13.07 5.54 7.54 11.07\"\/>\n            <\/svg><a href=\"https:\/\/www.victorinox.com\/de-CH\/\" target=\"_blank\">Victorinox<\/a><\/li><\/ul>\n\n\n<\/div>\n<\/div>\n<\/div><div class=\"bde-column-19-147 bde-column\">\n  \n\t\n\n\n\n<div class=\"bde-div-19-148 bde-div\">\n  \n\t\n\n\n\n<h2 class=\"bde-heading-19-149 bde-heading heading-margin\">\nNetzwerk\n<\/h2><div class=\"bde-code-block-19-187 bde-code-block\">\n\n  <style>\n                ul.custom-list {\n                    list-style: none;\n                    padding-left: 0;\n                    margin-block-start: 0em;\n                    margin-block-end: 0em;\n                }\n                ul.custom-list li {\n                    display: flex;\n                    align-items: flex-start;\n                }\n                ul.custom-list li svg {\n                    margin-right: 7px;\n                    margin-top: 6px;\n                    min-width: 14px;\n                    min-height: 14px;\n                    width: 14px;\n                    height: 14px;\n                    flex-shrink: 0;\n                }\n              <\/style><ul class=\"custom-list\"><li><svg xmlns=\"http:\/\/www.w3.org\/2000\/svg\" viewbox=\"0 0 13.07 11.07\" style=\"fill: #DD3333;\">\n                <rect x=\"0\" y=\"4.79\" width=\"12.01\" height=\"1.5\"\/>\n                <polygon points=\"7.54 11.07 6.48 10 10.95 5.54 6.47 1.06 7.53 0 13.07 5.54 7.54 11.07\"\/>\n            <\/svg><a href=\"https:\/\/designforone.world\/\" target=\"_blank\">designforone.world<\/a><\/li><li><svg xmlns=\"http:\/\/www.w3.org\/2000\/svg\" viewbox=\"0 0 13.07 11.07\" style=\"fill: #DD3333;\">\n                <rect x=\"0\" y=\"4.79\" width=\"12.01\" height=\"1.5\"\/>\n                <polygon points=\"7.54 11.07 6.48 10 10.95 5.54 6.47 1.06 7.53 0 13.07 5.54 7.54 11.07\"\/>\n            <\/svg><a href=\"https:\/\/girsberger.com\/de\/\" target=\"_blank\">Girsberger<\/a><\/li><li><svg xmlns=\"http:\/\/www.w3.org\/2000\/svg\" viewbox=\"0 0 13.07 11.07\" style=\"fill: #DD3333;\">\n                <rect x=\"0\" y=\"4.79\" width=\"12.01\" height=\"1.5\"\/>\n                <polygon points=\"7.54 11.07 6.48 10 10.95 5.54 6.47 1.06 7.53 0 13.07 5.54 7.54 11.07\"\/>\n            <\/svg><a href=\"https:\/\/www.pibiri-reich.ch\" target=\"_blank\">Pibiri &#038; Reich<\/a><\/li><li><svg xmlns=\"http:\/\/www.w3.org\/2000\/svg\" viewbox=\"0 0 13.07 11.07\" style=\"fill: #DD3333;\">\n                <rect x=\"0\" y=\"4.79\" width=\"12.01\" height=\"1.5\"\/>\n                <polygon points=\"7.54 11.07 6.48 10 10.95 5.54 6.47 1.06 7.53 0 13.07 5.54 7.54 11.07\"\/>\n            <\/svg><a href=\"https:\/\/raumreaktion.ch\" target=\"_blank\">Raumreaktion GmbH<\/a><\/li><li><svg xmlns=\"http:\/\/www.w3.org\/2000\/svg\" viewbox=\"0 0 13.07 11.07\" style=\"fill: #DD3333;\">\n                <rect x=\"0\" y=\"4.79\" width=\"12.01\" height=\"1.5\"\/>\n                <polygon points=\"7.54 11.07 6.48 10 10.95 5.54 6.47 1.06 7.53 0 13.07 5.54 7.54 11.07\"\/>\n            <\/svg><a href=\"https:\/\/www.symforma.design\" target=\"_blank\">Symforma<\/a><\/li><li><svg xmlns=\"http:\/\/www.w3.org\/2000\/svg\" viewbox=\"0 0 13.07 11.07\" style=\"fill: #DD3333;\">\n                <rect x=\"0\" y=\"4.79\" width=\"12.01\" height=\"1.5\"\/>\n                <polygon points=\"7.54 11.07 6.48 10 10.95 5.54 6.47 1.06 7.53 0 13.07 5.54 7.54 11.07\"\/>\n            <\/svg><a href=\"https:\/\/www.valentinaverdesca.ch\" target=\"_blank\">Valentina Verdesca<\/a><\/li><\/ul>\n\n\n<\/div>\n<\/div>\n<\/div><div class=\"bde-column-19-151 bde-column\">\n  \n\t\n\n\n\n<div class=\"bde-div-19-152 bde-div\">\n  \n\t\n\n\n\n<h2 class=\"bde-heading-19-153 bde-heading heading-margin\">\nAuszeichnungen\n<\/h2><div class=\"bde-code-block-19-186 bde-code-block\">\n\n  <style>\n                ul.custom-list {\n                    list-style: none;\n                    padding-left: 0;\n                    margin-block-start: 0em;\n                    margin-block-end: 0em;\n                }\n                ul.custom-list li {\n                    display: flex;\n                    align-items: flex-start; \/* Pfeil oben ausrichten *\/\n                }\n                ul.custom-list li svg.custom-svg {\n                    margin-right: 7px;\n                    margin-top: 6px;\n                    min-width: 14px; \/* Feste Breite *\/\n                    min-height: 14px; \/* Feste H\u00f6he *\/\n                    width: 14px; \/* Feste Breite *\/\n                    height: 14px; \/* Feste H\u00f6he *\/\n                    flex-shrink: 0; \/* Verhindert, dass das SVG kleiner wird *\/\n                    transform: rotate(0deg); \/* 45 Grad gegen den Uhrzeigersinn *\/\n                }\n              <\/style><ul class=\"custom-list\"><li><svg xmlns=\"http:\/\/www.w3.org\/2000\/svg\" id=\"a\" viewbox=\"0 0 13.07 11.07\" class=\"custom-svg\" style=\"fill: #DD3333;\">\n                <rect x=\"0\" y=\"4.79\" width=\"12.01\" height=\"1.5\"\/>\n                <polygon points=\"7.54 11.07 6.48 10 10.95 5.54 6.47 1.06 7.53 0 13.07 5.54 7.54 11.07\"\/>\n            <\/svg><a href=\"https:\/\/pamudesign.ch\/ch\/auszeichnung\/adc-switzerland-2020-bronze-design\/\">ADC Switzerland 2020, Bronze Design<\/a><\/li><li><svg xmlns=\"http:\/\/www.w3.org\/2000\/svg\" id=\"a\" viewbox=\"0 0 13.07 11.07\" class=\"custom-svg\" style=\"fill: #DD3333;\">\n                <rect x=\"0\" y=\"4.79\" width=\"12.01\" height=\"1.5\"\/>\n                <polygon points=\"7.54 11.07 6.48 10 10.95 5.54 6.47 1.06 7.53 0 13.07 5.54 7.54 11.07\"\/>\n            <\/svg><a href=\"https:\/\/pamudesign.ch\/ch\/auszeichnung\/award-fuer-marketing-und-architektur-2020\/\">Award f\u00fcr Marketing und Architektur 2020<\/a><\/li><li><svg xmlns=\"http:\/\/www.w3.org\/2000\/svg\" id=\"a\" viewbox=\"0 0 13.07 11.07\" class=\"custom-svg\" style=\"fill: #DD3333;\">\n                <rect x=\"0\" y=\"4.79\" width=\"12.01\" height=\"1.5\"\/>\n                <polygon points=\"7.54 11.07 6.48 10 10.95 5.54 6.47 1.06 7.53 0 13.07 5.54 7.54 11.07\"\/>\n            <\/svg><a href=\"https:\/\/pamudesign.ch\/ch\/auszeichnung\/dad-award-2020-shortlist\/\">D&amp;AD Award 2020, Shortlist<\/a><\/li><li><svg xmlns=\"http:\/\/www.w3.org\/2000\/svg\" id=\"a\" viewbox=\"0 0 13.07 11.07\" class=\"custom-svg\" style=\"fill: #DD3333;\">\n                <rect x=\"0\" y=\"4.79\" width=\"12.01\" height=\"1.5\"\/>\n                <polygon points=\"7.54 11.07 6.48 10 10.95 5.54 6.47 1.06 7.53 0 13.07 5.54 7.54 11.07\"\/>\n            <\/svg><a href=\"https:\/\/pamudesign.ch\/ch\/auszeichnung\/epica-awards-2020-bronze-product-design\/\">Epica Awards 2020, Bronze Product Design<\/a><\/li><li><svg xmlns=\"http:\/\/www.w3.org\/2000\/svg\" id=\"a\" viewbox=\"0 0 13.07 11.07\" class=\"custom-svg\" style=\"fill: #DD3333;\">\n                <rect x=\"0\" y=\"4.79\" width=\"12.01\" height=\"1.5\"\/>\n                <polygon points=\"7.54 11.07 6.48 10 10.95 5.54 6.47 1.06 7.53 0 13.07 5.54 7.54 11.07\"\/>\n            <\/svg><a href=\"https:\/\/pamudesign.ch\/ch\/auszeichnung\/eurobest-2020-shortlist\/\">Eurobest 2020, Shortlist<\/a><\/li><li><svg xmlns=\"http:\/\/www.w3.org\/2000\/svg\" id=\"a\" viewbox=\"0 0 13.07 11.07\" class=\"custom-svg\" style=\"fill: #DD3333;\">\n                <rect x=\"0\" y=\"4.79\" width=\"12.01\" height=\"1.5\"\/>\n                <polygon points=\"7.54 11.07 6.48 10 10.95 5.54 6.47 1.06 7.53 0 13.07 5.54 7.54 11.07\"\/>\n            <\/svg><a href=\"https:\/\/pamudesign.ch\/ch\/auszeichnung\/german-design-award-2018\/\">German Design Award 2018<\/a><\/li><li><svg xmlns=\"http:\/\/www.w3.org\/2000\/svg\" id=\"a\" viewbox=\"0 0 13.07 11.07\" class=\"custom-svg\" style=\"fill: #DD3333;\">\n                <rect x=\"0\" y=\"4.79\" width=\"12.01\" height=\"1.5\"\/>\n                <polygon points=\"7.54 11.07 6.48 10 10.95 5.54 6.47 1.06 7.53 0 13.07 5.54 7.54 11.07\"\/>\n            <\/svg><a href=\"https:\/\/pamudesign.ch\/ch\/auszeichnung\/iconic-awards-innovative-interior-2017\/\">Iconic Awards - Innovative Interior 2017<\/a><\/li><li><svg xmlns=\"http:\/\/www.w3.org\/2000\/svg\" id=\"a\" viewbox=\"0 0 13.07 11.07\" class=\"custom-svg\" style=\"fill: #DD3333;\">\n                <rect x=\"0\" y=\"4.79\" width=\"12.01\" height=\"1.5\"\/>\n                <polygon points=\"7.54 11.07 6.48 10 10.95 5.54 6.47 1.06 7.53 0 13.07 5.54 7.54 11.07\"\/>\n            <\/svg><a href=\"https:\/\/pamudesign.ch\/ch\/auszeichnung\/sdv-2020-silver-art-direction\/\">SDV 2020, Silver Art Direction<\/a><\/li><\/ul>\n\n\n<\/div>\n<\/div>\n<\/div><\/div><\/div>\n<\/section>","protected":false},"excerpt":{"rendered":"<p>Patrick M\u00fcller, Schreiner und Industriedesigner, gestaltet seit 2016 mit PAMU Produkte, R\u00e4ume und Ausstellungen f\u00fcr Unternehmen und Institutionen. Mitgr\u00fcnder von designforone.world, einem humanit\u00e4ren Designteam, und Raumreaktion GmbH, einem interdisziplin\u00e4ren Innenarchitekturb\u00fcro.<\/p>","protected":false},"author":1,"featured_media":0,"parent":0,"menu_order":0,"comment_status":"closed","ping_status":"closed","template":"","meta":{"_acf_changed":false,"slim_seo":{"description":"","title":"Valentina Verdesca - PAMU"},"_breakdance_hide_in_design_set":false,"_breakdance_tags":"","footnotes":""},"class_list":["post-19","page","type-page","status-publish","hentry"],"acf":[],"_links":{"self":[{"href":"https:\/\/pamudesign.ch\/ch\/wp-json\/wp\/v2\/pages\/19","targetHints":{"allow":["GET"]}}],"collection":[{"href":"https:\/\/pamudesign.ch\/ch\/wp-json\/wp\/v2\/pages"}],"about":[{"href":"https:\/\/pamudesign.ch\/ch\/wp-json\/wp\/v2\/types\/page"}],"author":[{"embeddable":true,"href":"https:\/\/pamudesign.ch\/ch\/wp-json\/wp\/v2\/users\/1"}],"replies":[{"embeddable":true,"href":"https:\/\/pamudesign.ch\/ch\/wp-json\/wp\/v2\/comments?post=19"}],"version-history":[{"count":15,"href":"https:\/\/pamudesign.ch\/ch\/wp-json\/wp\/v2\/pages\/19\/revisions"}],"predecessor-version":[{"id":2429,"href":"https:\/\/pamudesign.ch\/ch\/wp-json\/wp\/v2\/pages\/19\/revisions\/2429"}],"wp:attachment":[{"href":"https:\/\/pamudesign.ch\/ch\/wp-json\/wp\/v2\/media?parent=19"}],"curies":[{"name":"wp","href":"https:\/\/api.w.org\/{rel}","templated":true}]}}