{"id":15,"date":"2024-10-14T11:54:20","date_gmt":"2024-10-14T09:54:20","guid":{"rendered":"https:\/\/dev.pamudesign.ch\/?page_id=15"},"modified":"2025-02-05T00:50:07","modified_gmt":"2025-02-04T23:50:07","slug":"home","status":"publish","type":"page","link":"https:\/\/pamudesign.ch\/ch\/","title":{"rendered":"Home"},"content":{"rendered":"<section class=\"bde-section-15-130 bde-section\">\n  \n\t\n\n\n\n<div class=\"section-container\"><div class=\"bde-advancedslider-15-132 bde-advancedslider\">\n<div class=\"breakdance-swiper-wrapper\" data-swiper-id=\"132\">\n  <div class=\"swiper\">\n    <div class=\"swiper-wrapper\">\n      <style>.breakdance .bde-advancedslide-15-133 .advanced-slider__slide{background-image:linear-gradient(#00000030,#00000030),url(https:\/\/pamudesign.ch\/wp-content\/uploads\/2024\/12\/SafeTool-Pamu-Design-Patrick-Mueller-012-scaled.jpg);background-size:auto,cover;background-position:0% 0%,center;background-repeat:repeat,no-repeat;background-attachment:scroll,scroll;background-blend-mode:normal,normal}<\/style><div class=\"bde-advancedslide-15-133 bde-advancedslide swiper-slide\">\n<div class=\"advanced-slider__slide\">\n  <div class=\"bde-div-15-144 bde-div\">\n  \n\t\n\n\n\n<div class=\"bde-div-15-225 bde-div\">\n  \n\t\n\n\n\n<div class=\"bde-div-15-223 bde-div\">\n  \n\t\n\n\n\n<a class=\"bde-text-link-15-240 bde-text-link breakdance-link\" href=\"https:\/\/pamudesign.ch\/ch\/produktdesign\/\" target=\"_self\" data-type=\"url\">\n  <h2 >\n  Produktgstaltig\n  <\/h2>\n\n<\/a><div class=\"bde-text-15-148 bde-text\">\n,&nbsp;\n<\/div>\n<\/div><div class=\"bde-div-15-242 bde-div\">\n  \n\t\n\n\n\n<a class=\"bde-text-link-15-243 bde-text-link startseite_link_inaktiv breakdance-link\" href=\"https:\/\/pamudesign.ch\/ch\/szenografie\/\" target=\"_self\" data-type=\"url\">\n  <h2 >\n  Szenografie&nbsp;\n  <\/h2>\n\n<\/a><div class=\"bde-text-15-244 bde-text\">\n&\n<\/div>\n<\/div>\n<\/div><a class=\"bde-text-link-15-241 bde-text-link startseite_link_inaktiv breakdance-link\" href=\"https:\/\/pamudesign.ch\/ch\/customized\/\" target=\"_self\" data-type=\"url\">\n  <h2 >\n  massgschniderti L\u00f6sige\n  <\/h2>\n\n<\/a>\n<\/div>\n<\/div>\n<\/div><style>.breakdance .bde-advancedslide-15-190 .advanced-slider__slide{background-image:linear-gradient(#00000030,#00000030),url(https:\/\/pamudesign.ch\/wp-content\/uploads\/2024\/10\/PAMU-Patrick-Mueller-Szenografie-Aarau-002.jpg);background-size:auto,cover;background-position:0% 0%,center;background-repeat:repeat,no-repeat;background-attachment:scroll,scroll;background-blend-mode:normal,normal}<\/style><div class=\"bde-advancedslide-15-190 bde-advancedslide swiper-slide\">\n<div class=\"advanced-slider__slide\">\n  <div class=\"bde-div-15-245 bde-div\">\n  \n\t\n\n\n\n<div class=\"bde-div-15-246 bde-div\">\n  \n\t\n\n\n\n<div class=\"bde-div-15-247 bde-div\">\n  \n\t\n\n\n\n<a class=\"bde-text-link-15-248 bde-text-link startseite_link_inaktiv breakdance-link\" href=\"https:\/\/pamudesign.ch\/ch\/produktdesign\/\" target=\"_self\" data-type=\"url\">\n  Produktgstaltig\n\n<\/a><div class=\"bde-text-15-249 bde-text\">\n,&nbsp;\n<\/div>\n<\/div><div class=\"bde-div-15-250 bde-div\">\n  \n\t\n\n\n\n<a class=\"bde-text-link-15-251 bde-text-link breakdance-link\" href=\"https:\/\/pamudesign.ch\/ch\/szenografie\/\" target=\"_self\" data-type=\"url\">\n  Szenografie&nbsp;\n\n<\/a><div class=\"bde-text-15-252 bde-text\">\n&\n<\/div>\n<\/div>\n<\/div><a class=\"bde-text-link-15-253 bde-text-link startseite_link_inaktiv breakdance-link\" href=\"https:\/\/pamudesign.ch\/ch\/customized\/\" target=\"_self\" data-type=\"url\">\n  massgschniderti L\u00f6sige\n\n<\/a>\n<\/div>\n<\/div>\n<\/div><style>.breakdance .bde-advancedslide-15-181 .advanced-slider__slide{background-image:linear-gradient(#00000030,#00000030),url(https:\/\/pamudesign.ch\/wp-content\/uploads\/2024\/12\/PAMU-Patrick-Mueller-Prose-010-scaled.jpg);background-size:auto,cover;background-position:0% 0%,center;background-repeat:repeat,no-repeat;background-attachment:scroll,scroll;background-blend-mode:normal,normal}<\/style><div class=\"bde-advancedslide-15-181 bde-advancedslide swiper-slide\">\n<div class=\"advanced-slider__slide\">\n  <div class=\"bde-div-15-254 bde-div\">\n  \n\t\n\n\n\n<div class=\"bde-div-15-255 bde-div\">\n  \n\t\n\n\n\n<div class=\"bde-div-15-256 bde-div\">\n  \n\t\n\n\n\n<a class=\"bde-text-link-15-257 bde-text-link startseite_link_inaktiv breakdance-link\" href=\"https:\/\/pamudesign.ch\/ch\/produktdesign\/\" target=\"_self\" data-type=\"url\">\n  Produktgstaltig\n\n<\/a><div class=\"bde-text-15-258 bde-text\">\n,&nbsp;\n<\/div>\n<\/div><div class=\"bde-div-15-259 bde-div\">\n  \n\t\n\n\n\n<a class=\"bde-text-link-15-260 bde-text-link startseite_link_inaktiv breakdance-link\" href=\"https:\/\/pamudesign.ch\/ch\/szenografie\/\" target=\"_self\" data-type=\"url\">\n  Szenografie&nbsp;\n\n<\/a><div class=\"bde-text-15-261 bde-text\">\n&\n<\/div>\n<\/div>\n<\/div><a class=\"bde-text-link-15-262 bde-text-link breakdance-link\" href=\"https:\/\/pamudesign.ch\/ch\/customized\/\" target=\"_self\" data-type=\"url\">\n  massgschniderti L\u00f6sige\n\n<\/a>\n<\/div>\n<\/div>\n<\/div>\n    <\/div>\n  <\/div>\n\n      \n            <div class=\"swiper-pagination\"><\/div>\n    \n<\/div>\n\n<\/div><\/div>\n<\/section>","protected":false},"excerpt":{"rendered":"<p>Produktdesign ,&nbsp; Szenografie&nbsp; &#038; massgeschneiderte L\u00f6sungen Produktdesign ,&nbsp; Szenografie&nbsp; &#038; massgeschneiderte L\u00f6sungen Produktdesign ,&nbsp; Szenografie&nbsp; &#038; massgeschneiderte L\u00f6sungen<\/p>","protected":false},"author":1,"featured_media":39,"parent":0,"menu_order":0,"comment_status":"closed","ping_status":"closed","template":"","meta":{"_acf_changed":false,"slim_seo":{"description":"Studio f\u00fcr Produktdesign, Customized L\u00f6sungen & Szenografie in Suhr bei Aarau.","title":"PAMU - Produktdesign"},"_breakdance_hide_in_design_set":false,"_breakdance_tags":"","footnotes":""},"class_list":["post-15","page","type-page","status-publish","has-post-thumbnail","hentry"],"acf":[],"_links":{"self":[{"href":"https:\/\/pamudesign.ch\/ch\/wp-json\/wp\/v2\/pages\/15","targetHints":{"allow":["GET"]}}],"collection":[{"href":"https:\/\/pamudesign.ch\/ch\/wp-json\/wp\/v2\/pages"}],"about":[{"href":"https:\/\/pamudesign.ch\/ch\/wp-json\/wp\/v2\/types\/page"}],"author":[{"embeddable":true,"href":"https:\/\/pamudesign.ch\/ch\/wp-json\/wp\/v2\/users\/1"}],"replies":[{"embeddable":true,"href":"https:\/\/pamudesign.ch\/ch\/wp-json\/wp\/v2\/comments?post=15"}],"version-history":[{"count":14,"href":"https:\/\/pamudesign.ch\/ch\/wp-json\/wp\/v2\/pages\/15\/revisions"}],"predecessor-version":[{"id":2173,"href":"https:\/\/pamudesign.ch\/ch\/wp-json\/wp\/v2\/pages\/15\/revisions\/2173"}],"wp:featuredmedia":[{"embeddable":true,"href":"https:\/\/pamudesign.ch\/ch\/wp-json\/wp\/v2\/media\/39"}],"wp:attachment":[{"href":"https:\/\/pamudesign.ch\/ch\/wp-json\/wp\/v2\/media?parent=15"}],"curies":[{"name":"wp","href":"https:\/\/api.w.org\/{rel}","templated":true}]}}